{"id":5212,"date":"2021-08-25T07:26:28","date_gmt":"2021-08-25T07:26:28","guid":{"rendered":"http:\/\/dummy.xtemos.com\/woodmart2\/?page_id=5212"},"modified":"2025-10-13T09:39:37","modified_gmt":"2025-10-13T06:39:37","slug":"about-us","status":"publish","type":"page","link":"https:\/\/smsgrupinsaat.com.tr\/en\/about-us\/","title":{"rendered":"About Us"},"content":{"rendered":"<div class=\"wpb-content-wrapper\"><div class=\"vc_row wpb_row vc_row-fluid vc_custom_1629877038080 row-reverse-mobile row-reverse-tablet wd-rs-6125f32826e3d\"><div class=\"wpb_column vc_column_container vc_col-sm-12 vc_col-lg-12 vc_col-md-12 wd-rs-68b57b3537554\"><div class=\"vc_column-inner vc_custom_1756724028067\"><div class=\"wpb_wrapper\">\n\t\t<div id=\"wd-68b57b6417bf6\" class=\"title-wrapper wd-wpb wd-set-mb reset-last-child  wd-rs-68b57b6417bf6 wd-title-color-primary wd-title-style-default text-center vc_custom_1756724077102 wd-underline-colored\">\n\t\t\t\n\t\t\t<div class=\"liner-continer\">\n\t\t\t\t<h4 class=\"woodmart-title-container title  wd-font-weight- wd-fontsize-xxxl\" >Strong Steps from the Past to the Future...<\/h4>\n\t\t\t\t\t\t\t<\/div>\n\t\t\t\n\t\t\t\n\t\t\t\n\t\t<\/div>\n\t\t\n\t\t\t\t<div id=\"wd-68c47aa6cafef\" class=\"wd-text-block wd-wpb reset-last-child wd-rs-68c47aa6cafef text-left wd-fontsize-custom\">\n\t\t\t<p style=\"text-align: center; color: #000;\"><em style=\"color: #000;\">SMS Group Construction accompanies Turkey's development journey with its determination to produce projects that add value to society by prioritizing human and environmental sensitivity.<\/em><\/p>\n\t\t<\/div>\n\t\t\t\t<div id=\"wd-68c47a94371e4\" class=\"wd-text-block wd-wpb reset-last-child wd-rs-68c47a94371e4 text-left wd-fontsize-custom\">\n\t\t\t<p style=\"text-align: center; color: #000;\">Founded in 1997, SMS Group Construction has been one of the leading groups contributing to Turkey's development goals by operating in the fields of construction, energy, real estate development and foreign trade since its establishment.<\/p>\n<p style=\"text-align: center; color: #000;\">Focusing on the principles of quality, technology and timely delivery, the company carries out both national and international projects with a sustainability approach in many areas from infrastructure to superstructure, from brand projects to green power plants.<\/p>\n<p style=\"text-align: center; color: #000;\">Today, SMS Group builds trust, value and vision, not just structures.<\/p>\n\t\t<\/div>\n\t\t<\/div><\/div><\/div><\/div><div data-vc-full-width=\"true\" data-vc-full-width-temp=\"true\" data-vc-full-width-init=\"false\" class=\"vc_row wpb_row vc_row-fluid vc_custom_1662040413118 vc_row-has-fill vc_row-o-content-middle vc_row-flex wd-rs-6310b95984aca\"><div class=\"wpb_column vc_column_container vc_col-sm-12 vc_col-lg-12 vc_col-md-12 vc_col-xs-12 wd-rs-68b57c2200868\"><div class=\"vc_column-inner vc_custom_1756724269032\"><div class=\"wpb_wrapper\">\n\t\t<div id=\"wd-68b6b095bc6fc\" class=\"title-wrapper wd-wpb wd-set-mb reset-last-child  wd-rs-68b6b095bc6fc wd-title-color-primary wd-title-style-default text-center vc_custom_1756803229302 wd-underline-colored\">\n\t\t\t\t\t\t\t\n\t\t\t\t<div class=\"title-subtitle  subtitle-color-primary font-alt subtitle-style-default wd-font-weight-600 wd-fontsize-m\">Our Future Vision<\/div>\n\t\t\t\n\t\t\t<div class=\"liner-continer\">\n\t\t\t\t<h4 class=\"woodmart-title-container title  wd-font-weight- wd-fontsize-xxxl\" >Producing Projects that Shape the Turkey of the Future<\/h4>\n\t\t\t\t\t\t\t<\/div>\n\t\t\t\n\t\t\t\n\t\t\t\n\t\t<\/div>\n\t\t\n\t\t\t\t<div id=\"wd-68c479c757b4d\" class=\"wd-text-block wd-wpb reset-last-child wd-rs-68c479c757b4d text-left wd-fontsize-custom\">\n\t\t\t<p style=\"text-align: center; color: #000;\">In line with our management principles based on ethical values, we are working with all our strength to build a better tomorrow than today.<\/p>\n<p style=\"text-align: center; color: #000;\">We are one of Turkey's most respected and reputable groups with our consistent sense of success, trustworthy business culture and high standards. By combining our expertise with advanced technology and innovative approaches, we are determined to become a strong brand that proudly represents our country.<\/p>\n\t\t<\/div>\n\t\t<\/div><\/div><\/div><\/div><div class=\"vc_row-full-width vc_clearfix\"><\/div><div data-vc-full-width=\"true\" data-vc-full-width-temp=\"true\" data-vc-full-width-init=\"false\" class=\"vc_row wpb_row vc_row-fluid vc_custom_1639058045445 vc_row-has-fill vc_row-o-content-middle vc_row-flex wd-bg-left-top row-reverse-mobile row-reverse-tablet wd-rs-61b20a7982588\"><div class=\"wpb_column vc_column_container vc_col-sm-12 vc_col-lg-12 vc_col-md-12 vc_col-xs-12 wd-rs-68b57d8fd9e17\"><div class=\"vc_column-inner vc_custom_1756724632333\"><div class=\"wpb_wrapper\">\n\t\t<div id=\"wd-68b57e94e8a54\" class=\"title-wrapper wd-wpb wd-set-mb reset-last-child  wd-rs-68b57e94e8a54 wd-title-color-default wd-title-style-default text-center vc_custom_1756724886964 wd-underline-colored\">\n\t\t\t\n\t\t\t<div class=\"liner-continer\">\n\t\t\t\t<h4 class=\"woodmart-title-container title  wd-font-weight- wd-fontsize-l\" >Values We Believe in<\/h4>\n\t\t\t\t\t\t\t<\/div>\n\t\t\t\n\t\t\t\n\t\t\t\n\t\t<\/div>\n\t\t\n\t\t\t\t<div id=\"wd-68ec9e9be2d3d\" class=\"wd-text-block wd-wpb reset-last-child wd-rs-68ec9e9be2d3d text-left wd-fontsize-custom\">\n\t\t\t<p style=\"color: #000000; text-align: center;\">28 Years of Building Trust,<br \/>\nWhile operating in the fields of construction and contracting, energy, foreign trade and real estate development, we pursue the development vision of our country and realize projects that add value to society, are environmentally friendly and have high added value.<\/p>\n<p style=\"color: #000000; text-align: center;\">At every step: We act with an understanding that adopts respect for people, contribution to society, sensitivity to nature and excellence in engineering as fundamental principles.<\/p>\n<p style=\"color: #000000; text-align: center;\">With our buildings that prioritize the safety of life and property, we produce solutions that will meet not only today's needs but also those of tomorrow. While contributing to sustainable development goals with our clean energy investments, we are honored to work for the future of our country.<\/p>\n<p style=\"color: #000000; text-align: center;\">Because we, as SMS Group, believe in building a future \u201cbased on trust\u201d.<\/p>\n\t\t<\/div>\n\t\t<div class=\"vc_separator wpb_content_element vc_separator_align_center vc_sep_width_100 vc_sep_pos_align_center vc_separator_no_text vc_custom_1615616514122\" ><span class=\"vc_sep_holder vc_sep_holder_l\"><span style=\"border-color:rgb(10,10,10);border-color:rgba(10,10,10,0.12);\" class=\"vc_sep_line\"><\/span><\/span><span class=\"vc_sep_holder vc_sep_holder_r\"><span style=\"border-color:rgb(10,10,10);border-color:rgba(10,10,10,0.12);\" class=\"vc_sep_line\"><\/span><\/span>\n<\/div><div class=\"vc_row wpb_row vc_inner vc_row-fluid vc_row-o-content-middle vc_row-flex\"><div class=\"wpb_column vc_column_container vc_col-sm-6\"><div class=\"vc_column-inner vc_custom_1617632364304\"><div class=\"wpb_wrapper\"><\/div><\/div><\/div><div class=\"wpb_column vc_column_container vc_col-sm-6 vc_hidden-sm vc_hidden-xs wd-rs-6125f438bf39a\"><div class=\"vc_column-inner vc_custom_1629877310132\"><div class=\"wpb_wrapper\">\t\t\t<div\n\t\t\t\t\t\tclass=\"wd-social-icons  wd-style-colored-alt wd-size-small social-share wd-shape-circle color-scheme-dark text-right\">\n\t\t\t\t\n\t\t\t\t\n\t\t\t\t\t\t\t\t\t<a rel=\"noopener noreferrer nofollow\" href=\"https:\/\/www.facebook.com\/sharer\/sharer.php?u=https:\/\/smsgrupinsaat.com.tr\/en\/about-us\/\" target=\"_blank\" class=\"wd-social-icon social-facebook\" aria-label=\"Facebook social link\">\n\t\t\t\t\t\t<span class=\"wd-icon\"><\/span>\n\t\t\t\t\t\t\t\t\t\t\t<\/a>\n\t\t\t\t\n\t\t\t\t\t\t\t\t\t<a rel=\"noopener noreferrer nofollow\" href=\"https:\/\/x.com\/share?url=https:\/\/smsgrupinsaat.com.tr\/en\/about-us\/\" target=\"_blank\" class=\"wd-social-icon social-twitter\" aria-label=\"X social link\">\n\t\t\t\t\t\t<span class=\"wd-icon\"><\/span>\n\t\t\t\t\t\t\t\t\t\t\t<\/a>\n\t\t\t\t\n\t\t\t\t\n\t\t\t\t\n\t\t\t\t\n\t\t\t\t\n\t\t\t\t\n\t\t\t\t\t\t\t\t\t<a rel=\"noopener noreferrer nofollow\" href=\"https:\/\/pinterest.com\/pin\/create\/button\/?url=https:\/\/smsgrupinsaat.com.tr\/en\/about-us\/&media=https:\/\/smsgrupinsaat.com.tr\/wp-includes\/images\/media\/default.svg&description=Hakk%C4%B1m%C4%B1zda\" target=\"_blank\" class=\"wd-social-icon social-pinterest\" aria-label=\"Pinterest social link\">\n\t\t\t\t\t\t<span class=\"wd-icon\"><\/span>\n\t\t\t\t\t\t\t\t\t\t\t<\/a>\n\t\t\t\t\n\t\t\t\t\n\t\t\t\t\t\t\t\t\t<a rel=\"noopener noreferrer nofollow\" href=\"https:\/\/www.linkedin.com\/shareArticle?mini=true&url=https:\/\/smsgrupinsaat.com.tr\/en\/about-us\/\" target=\"_blank\" class=\"wd-social-icon social-linkedin\" aria-label=\"Linkedin social link\">\n\t\t\t\t\t\t<span class=\"wd-icon\"><\/span>\n\t\t\t\t\t\t\t\t\t\t\t<\/a>\n\t\t\t\t\n\t\t\t\t\n\t\t\t\t\n\t\t\t\t\n\t\t\t\t\n\t\t\t\t\n\t\t\t\t\n\t\t\t\t\n\t\t\t\t\n\t\t\t\t\t\t\t\t\t<a rel=\"noopener noreferrer nofollow\" href=\"https:\/\/api.whatsapp.com\/send?text=https%3A%2F%2Fsmsgrupinsaat.com.tr%2Fen%2Fabout-us%2F\" target=\"_blank\" class=\"wd-hide-md  wd-social-icon social-whatsapp\" aria-label=\"WhatsApp social link\">\n\t\t\t\t\t\t<span class=\"wd-icon\"><\/span>\n\t\t\t\t\t\t\t\t\t\t\t<\/a>\n\n\t\t\t\t\t<a rel=\"noopener noreferrer nofollow\" href=\"whatsapp:\/\/send?text=https%3A%2F%2Fsmsgrupinsaat.com.tr%2Fen%2Fabout-us%2F\" target=\"_blank\" class=\"wd-hide-lg  wd-social-icon social-whatsapp\" aria-label=\"WhatsApp social link\">\n\t\t\t\t\t\t<span class=\"wd-icon\"><\/span>\n\t\t\t\t\t\t\t\t\t\t\t<\/a>\n\t\t\t\t\n\t\t\t\t\n\t\t\t\t\n\t\t\t\t\n\t\t\t\t\n\t\t\t\t\n\t\t\t\t\n\t\t\t\t\n\t\t\t<\/div>\n\n\t\t<\/div><\/div><\/div><\/div><\/div><\/div><\/div><\/div><div class=\"vc_row-full-width vc_clearfix\"><\/div>\n<\/div>","protected":false},"excerpt":{"rendered":"Ge\u00e7mi\u015ften Gelece\u011fe G\u00fc\u00e7l\u00fc Ad\u0131mlar\u2026 SMS Grup in\u015faat, insan ve \u00e7evre duyarl\u0131l\u0131\u011f\u0131n\u0131 \u00f6ncelik edinerek topluma de\u011fer katan projeler \u00fcretme kararl\u0131l\u0131\u011f\u0131yla T\u00fcrkiye\u2019nin","protected":false},"author":1,"featured_media":0,"parent":0,"menu_order":8,"comment_status":"closed","ping_status":"closed","template":"","meta":{"footnotes":""},"class_list":["post-5212","page","type-page","status-publish","hentry"],"_links":{"self":[{"href":"https:\/\/smsgrupinsaat.com.tr\/en\/wp-json\/wp\/v2\/pages\/5212","targetHints":{"allow":["GET"]}}],"collection":[{"href":"https:\/\/smsgrupinsaat.com.tr\/en\/wp-json\/wp\/v2\/pages"}],"about":[{"href":"https:\/\/smsgrupinsaat.com.tr\/en\/wp-json\/wp\/v2\/types\/page"}],"author":[{"embeddable":true,"href":"https:\/\/smsgrupinsaat.com.tr\/en\/wp-json\/wp\/v2\/users\/1"}],"replies":[{"embeddable":true,"href":"https:\/\/smsgrupinsaat.com.tr\/en\/wp-json\/wp\/v2\/comments?post=5212"}],"version-history":[{"count":47,"href":"https:\/\/smsgrupinsaat.com.tr\/en\/wp-json\/wp\/v2\/pages\/5212\/revisions"}],"predecessor-version":[{"id":11551,"href":"https:\/\/smsgrupinsaat.com.tr\/en\/wp-json\/wp\/v2\/pages\/5212\/revisions\/11551"}],"wp:attachment":[{"href":"https:\/\/smsgrupinsaat.com.tr\/en\/wp-json\/wp\/v2\/media?parent=5212"}],"curies":[{"name":"wp","href":"https:\/\/api.w.org\/{rel}","templated":true}]}}