{"id":11070,"date":"2025-08-30T22:39:43","date_gmt":"2025-08-30T19:39:43","guid":{"rendered":"https:\/\/smsgrupinsaat.com.tr\/?page_id=11070"},"modified":"2025-08-30T22:39:43","modified_gmt":"2025-08-30T19:39:43","slug":"cerez-politikasi","status":"publish","type":"page","link":"https:\/\/smsgrupinsaat.com.tr\/en\/cerez-politikasi\/","title":{"rendered":"Cookie Policy"},"content":{"rendered":"<div class=\"wpb-content-wrapper\"><div class=\"vc_row wpb_row vc_row-fluid\"><div class=\"wpb_column vc_column_container vc_col-sm-12\"><div class=\"vc_column-inner\"><div class=\"wpb_wrapper\">\n\t<div class=\"wpb_text_column wpb_content_element\" >\n\t\t<div class=\"wpb_wrapper\">\n\t\t\t<h1 data-start=\"238\" data-end=\"274\">SMS Grup \u0130n\u015faat \u00c7erez Politikas\u0131<\/h1>\n<p data-start=\"276\" data-end=\"662\"><strong data-start=\"276\" data-end=\"300\">SMS Grup \u0130n\u015faat A.\u015e.<\/strong> (\u201c\u015eirket\u201d) olarak, web sitemizi ziyaretiniz s\u0131ras\u0131nda sizlere daha iyi hizmet sunabilmek, kullan\u0131c\u0131 deneyiminizi geli\u015ftirmek ve sitemizin g\u00fcvenli\u011fini sa\u011flamak amac\u0131yla \u00e7erezlerden faydalan\u0131yoruz. Bu \u00c7erez Politikas\u0131, \u00e7erezlerin hangi ama\u00e7larla kullan\u0131ld\u0131\u011f\u0131n\u0131, hangi t\u00fcr \u00e7erezleri kulland\u0131\u011f\u0131m\u0131z\u0131 ve \u00e7erez tercihlerinizi nas\u0131l y\u00f6netebilece\u011finizi a\u00e7\u0131klamaktad\u0131r.<\/p>\n<hr data-start=\"664\" data-end=\"667\" \/>\n<h2 data-start=\"669\" data-end=\"689\">1. \u00c7erez Nedir?<\/h2>\n<p data-start=\"690\" data-end=\"954\">\u00c7erezler (cookies), bir internet sitesini ziyaret etti\u011finizde cihaz\u0131n\u0131za (bilgisayar, tablet, ak\u0131ll\u0131 telefon vb.) kaydedilen k\u00fc\u00e7\u00fck metin dosyalar\u0131d\u0131r. Bu dosyalar sayesinde web sitesi, cihaz\u0131n\u0131z\u0131 tan\u0131yabilir ve ziyaretinizle ilgili baz\u0131 bilgileri hat\u0131rlayabilir.<\/p>\n<hr data-start=\"956\" data-end=\"959\" \/>\n<h2 data-start=\"961\" data-end=\"1002\">2. Hangi T\u00fcr \u00c7erezleri Kullan\u0131yoruz?<\/h2>\n<p data-start=\"1003\" data-end=\"1070\">Web sitemizde farkl\u0131 ama\u00e7larla \u00e7e\u015fitli \u00e7erezler kullan\u0131lmaktad\u0131r:<\/p>\n<ul data-start=\"1072\" data-end=\"1658\">\n<li data-start=\"1072\" data-end=\"1193\">\n<p data-start=\"1074\" data-end=\"1193\"><strong data-start=\"1074\" data-end=\"1095\">Zorunlu \u00c7erezler:<\/strong> Sitemizin temel i\u015flevlerini yerine getirmesi i\u00e7in gereklidir. (\u00d6rn: oturum a\u00e7ma, form doldurma)<\/p>\n<\/li>\n<li data-start=\"1194\" data-end=\"1354\">\n<p data-start=\"1196\" data-end=\"1354\"><strong data-start=\"1196\" data-end=\"1221\">Performans \u00c7erezleri:<\/strong> Site kullan\u0131m\u0131n\u0131z\u0131 analiz eder ve performans\u0131m\u0131z\u0131 art\u0131rmam\u0131za yard\u0131mc\u0131 olur. (\u00d6rn: ziyaret\u00e7i say\u0131s\u0131, en \u00e7ok g\u00f6r\u00fcnt\u00fclenen sayfalar)<\/p>\n<\/li>\n<li data-start=\"1355\" data-end=\"1493\">\n<p data-start=\"1357\" data-end=\"1493\"><strong data-start=\"1357\" data-end=\"1382\">Fonksiyonel \u00c7erezler:<\/strong> Tercihlerinizi hat\u0131rlayarak size daha ki\u015fiselle\u015ftirilmi\u015f bir deneyim sunar. (\u00d6rn: dil se\u00e7imi, tema ayarlar\u0131)<\/p>\n<\/li>\n<li data-start=\"1494\" data-end=\"1658\">\n<p data-start=\"1496\" data-end=\"1658\"><strong data-start=\"1496\" data-end=\"1530\">Reklam ve Hedefleme \u00c7erezleri:<\/strong> \u0130lgi alanlar\u0131n\u0131za uygun reklamlar sunmam\u0131za yard\u0131mc\u0131 olur. Bu \u00e7erezler \u00fc\u00e7\u00fcnc\u00fc taraf sa\u011flay\u0131c\u0131lar arac\u0131l\u0131\u011f\u0131yla kullan\u0131labilir.<\/p>\n<\/li>\n<\/ul>\n<hr data-start=\"1660\" data-end=\"1663\" \/>\n<h2 data-start=\"1665\" data-end=\"1701\">3. \u00c7erezlerin Kullan\u0131m Ama\u00e7lar\u0131<\/h2>\n<p data-start=\"1702\" data-end=\"1750\">\u00c7erezler a\u015fa\u011f\u0131daki ama\u00e7larla kullan\u0131lmaktad\u0131r:<\/p>\n<ul data-start=\"1751\" data-end=\"2044\">\n<li data-start=\"1751\" data-end=\"1809\">\n<p data-start=\"1753\" data-end=\"1809\">Web sitesinin g\u00fcvenli \u015fekilde \u00e7al\u0131\u015fmas\u0131n\u0131n sa\u011flanmas\u0131,<\/p>\n<\/li>\n<li data-start=\"1810\" data-end=\"1880\">\n<p data-start=\"1812\" data-end=\"1880\">Siteyi ziyaret eden kullan\u0131c\u0131lar\u0131n deneyimlerinin iyile\u015ftirilmesi,<\/p>\n<\/li>\n<li data-start=\"1881\" data-end=\"1930\">\n<p data-start=\"1883\" data-end=\"1930\">Kullan\u0131c\u0131 tercih ve ayarlar\u0131n\u0131n hat\u0131rlanmas\u0131,<\/p>\n<\/li>\n<li data-start=\"1931\" data-end=\"1993\">\n<p data-start=\"1933\" data-end=\"1993\">Trafik istatistiklerinin elde edilmesi ve analiz edilmesi,<\/p>\n<\/li>\n<li data-start=\"1994\" data-end=\"2044\">\n<p data-start=\"1996\" data-end=\"2044\">Pazarlama faaliyetlerinin ki\u015fiselle\u015ftirilmesi.<\/p>\n<\/li>\n<\/ul>\n<hr data-start=\"2046\" data-end=\"2049\" \/>\n<h2 data-start=\"2051\" data-end=\"2078\">4. \u00c7erezlerin Y\u00f6netimi<\/h2>\n<p data-start=\"2079\" data-end=\"2327\">\u00c7erezleri diledi\u011finiz zaman kontrol edebilir veya silebilirsiniz. \u00c7o\u011fu internet taray\u0131c\u0131s\u0131 \u00e7erezleri otomatik olarak kabul eder, ancak taray\u0131c\u0131 ayarlar\u0131n\u0131z\u0131 de\u011fi\u015ftirerek \u00e7erezleri reddedebilir ya da cihaz\u0131n\u0131za kaydedildi\u011finde uyar\u0131 alabilirsiniz.<\/p>\n<p data-start=\"2329\" data-end=\"2411\">Taray\u0131c\u0131 ayarlar\u0131n\u0131z\u0131 de\u011fi\u015ftirmek i\u00e7in a\u015fa\u011f\u0131daki ba\u011flant\u0131lar\u0131 kullanabilirsiniz:<\/p>\n<ul data-start=\"2412\" data-end=\"2757\">\n<li data-start=\"2412\" data-end=\"2485\">\n<p data-start=\"2414\" data-end=\"2485\"><a class=\"decorated-link cursor-pointer\" target=\"_new\" rel=\"noopener\" data-start=\"2414\" data-end=\"2483\">Google Chrome<\/a><\/p>\n<\/li>\n<li data-start=\"2486\" data-end=\"2583\">\n<p data-start=\"2488\" data-end=\"2583\"><a class=\"decorated-link cursor-pointer\" target=\"_new\" rel=\"noopener\" data-start=\"2488\" data-end=\"2581\">Mozilla Firefox<\/a><\/p>\n<\/li>\n<li data-start=\"2584\" data-end=\"2684\">\n<p data-start=\"2586\" data-end=\"2684\"><a class=\"decorated-link cursor-pointer\" target=\"_new\" rel=\"noopener\" data-start=\"2586\" data-end=\"2682\">Microsoft Edge<\/a><\/p>\n<\/li>\n<li data-start=\"2685\" data-end=\"2757\">\n<p data-start=\"2687\" data-end=\"2757\"><a class=\"decorated-link cursor-pointer\" target=\"_new\" rel=\"noopener\" data-start=\"2687\" data-end=\"2755\">Safari<\/a><\/p>\n<\/li>\n<\/ul>\n<p data-start=\"2759\" data-end=\"2879\">\u00c7erezleri devre d\u0131\u015f\u0131 b\u0131rakman\u0131z halinde web sitemizin baz\u0131 \u00f6zelliklerinin d\u00fczg\u00fcn \u00e7al\u0131\u015fmayabilece\u011fini l\u00fctfen unutmay\u0131n.<\/p>\n<hr data-start=\"2881\" data-end=\"2884\" \/>\n<h2 data-start=\"2886\" data-end=\"2915\">5. \u00dc\u00e7\u00fcnc\u00fc Taraf \u00c7erezler<\/h2>\n<p data-start=\"2916\" data-end=\"3131\">Web sitemizde Google Analytics gibi \u00fc\u00e7\u00fcnc\u00fc taraf hizmet sa\u011flay\u0131c\u0131lar\u0131n\u0131n \u00e7erezleri de kullan\u0131labilir. Bu \u00e7erezler site kullan\u0131m al\u0131\u015fkanl\u0131klar\u0131n\u0131z\u0131 analiz etmek ve size uygun i\u00e7erikler sunmak i\u00e7in kullan\u0131lmaktad\u0131r.<\/p>\n<hr data-start=\"3133\" data-end=\"3136\" \/>\n<h2 data-start=\"3138\" data-end=\"3181\">6. KVKK ve Ki\u015fisel Verilerin Korunmas\u0131<\/h2>\n<p data-start=\"3182\" data-end=\"3416\">\u00c7erezler arac\u0131l\u0131\u011f\u0131yla elde edilen ki\u015fisel verileriniz, <strong data-start=\"3237\" data-end=\"3257\">6698 say\u0131l\u0131 KVKK<\/strong> ve ilgili mevzuata uygun olarak i\u015flenmekte ve korunmaktad\u0131r. Daha fazla bilgi i\u00e7in <a class=\"decorated-link\" href=\"https:\/\/smsgrupinsaat.com.tr\/en\/?utm_source=chatgpt.com\" target=\"_new\" rel=\"noopener\" data-start=\"3341\" data-end=\"3394\">Ayd\u0131nlatma Metnimizi<\/a> inceleyebilirsiniz.<\/p>\n<hr data-start=\"3418\" data-end=\"3421\" \/>\n<h2 data-start=\"3423\" data-end=\"3454\">7. Politika De\u011fi\u015fiklikleri<\/h2>\n<p data-start=\"3455\" data-end=\"3597\">Bu \u00c7erez Politikas\u0131, gerekli g\u00f6r\u00fcld\u00fc\u011f\u00fcnde g\u00fcncellenebilir. G\u00fcncel versiyon her zaman <strong data-start=\"3540\" data-end=\"3568\"><a class=\"decorated-link\" href=\"https:\/\/smsgrupinsaat.com.tr\/en\/?utm_source=chatgpt.com\" target=\"_new\" rel=\"noopener\" data-start=\"3542\" data-end=\"3566\">www.smsgrupinsaat.com.tr<\/a><\/strong> adresinde yay\u0131mlanacakt\u0131r.<\/p>\n\n\t\t<\/div>\n\t<\/div>\n<\/div><\/div><\/div><\/div>\n<\/div>","protected":false},"excerpt":{"rendered":"SMS Grup \u0130n\u015faat \u00c7erez Politikas\u0131 SMS Grup \u0130n\u015faat A.\u015e. (\u201c\u015eirket\u201d) olarak, web sitemizi ziyaretiniz s\u0131ras\u0131nda sizlere daha iyi hizmet sunabilmek,","protected":false},"author":1,"featured_media":0,"parent":0,"menu_order":2,"comment_status":"closed","ping_status":"closed","template":"","meta":{"footnotes":""},"class_list":["post-11070","page","type-page","status-publish","hentry"],"_links":{"self":[{"href":"https:\/\/smsgrupinsaat.com.tr\/en\/wp-json\/wp\/v2\/pages\/11070","targetHints":{"allow":["GET"]}}],"collection":[{"href":"https:\/\/smsgrupinsaat.com.tr\/en\/wp-json\/wp\/v2\/pages"}],"about":[{"href":"https:\/\/smsgrupinsaat.com.tr\/en\/wp-json\/wp\/v2\/types\/page"}],"author":[{"embeddable":true,"href":"https:\/\/smsgrupinsaat.com.tr\/en\/wp-json\/wp\/v2\/users\/1"}],"replies":[{"embeddable":true,"href":"https:\/\/smsgrupinsaat.com.tr\/en\/wp-json\/wp\/v2\/comments?post=11070"}],"version-history":[{"count":1,"href":"https:\/\/smsgrupinsaat.com.tr\/en\/wp-json\/wp\/v2\/pages\/11070\/revisions"}],"predecessor-version":[{"id":11071,"href":"https:\/\/smsgrupinsaat.com.tr\/en\/wp-json\/wp\/v2\/pages\/11070\/revisions\/11071"}],"wp:attachment":[{"href":"https:\/\/smsgrupinsaat.com.tr\/en\/wp-json\/wp\/v2\/media?parent=11070"}],"curies":[{"name":"wp","href":"https:\/\/api.w.org\/{rel}","templated":true}]}}