{"id":11067,"date":"2025-08-30T22:37:26","date_gmt":"2025-08-30T19:37:26","guid":{"rendered":"https:\/\/smsgrupinsaat.com.tr\/?page_id=11067"},"modified":"2025-08-30T22:38:45","modified_gmt":"2025-08-30T19:38:45","slug":"aydinlatma-metni","status":"publish","type":"page","link":"https:\/\/smsgrupinsaat.com.tr\/en\/aydinlatma-metni\/","title":{"rendered":"Clarification Text"},"content":{"rendered":"<div class=\"wpb-content-wrapper\"><div class=\"vc_row wpb_row vc_row-fluid\"><div class=\"wpb_column vc_column_container vc_col-sm-12\"><div class=\"vc_column-inner\"><div class=\"wpb_wrapper\">\n\t<div class=\"wpb_text_column wpb_content_element\" >\n\t\t<div class=\"wpb_wrapper\">\n\t\t\t<h1 data-start=\"229\" data-end=\"273\">SMS Grup \u0130n\u015faat Ayd\u0131nlatma ve KVKK Metni<\/h1>\n<p data-start=\"275\" data-end=\"609\"><strong data-start=\"275\" data-end=\"309\">SMS Grup \u0130n\u015faat Anonim \u015eirketi<\/strong> (\u201c\u015eirket\u201d veya \u201cSMS Grup\u201d) olarak, ki\u015fisel verilerinizin korunmas\u0131na ve \u00f6zel hayat\u0131n\u0131z\u0131n gizlili\u011fine \u00f6nem veriyoruz. Bu kapsamda 6698 say\u0131l\u0131 <strong data-start=\"451\" data-end=\"489\">Ki\u015fisel Verilerin Korunmas\u0131 Kanunu<\/strong> (\u201cKVKK\u201d) uyar\u0131nca veri sorumlusu s\u0131fat\u0131yla, ki\u015fisel verilerinizin i\u015flenmesine ili\u015fkin sizleri bilgilendirmek isteriz.<\/p>\n<hr data-start=\"611\" data-end=\"614\" \/>\n<h2 data-start=\"616\" data-end=\"638\">1. Veri Sorumlusu<\/h2>\n<p data-start=\"639\" data-end=\"737\">Ki\u015fisel verileriniz, veri sorumlusu s\u0131fat\u0131yla <strong data-start=\"685\" data-end=\"709\">SMS Grup \u0130n\u015faat A.\u015e.<\/strong> taraf\u0131ndan i\u015flenmektedir.<\/p>\n<hr data-start=\"739\" data-end=\"742\" \/>\n<h2 data-start=\"744\" data-end=\"775\">2. \u0130\u015flenen Ki\u015fisel Veriler<\/h2>\n<p data-start=\"776\" data-end=\"911\">\u015eirketimizle payla\u015ft\u0131\u011f\u0131n\u0131z veya internet sitemizi kullanman\u0131z s\u0131ras\u0131nda elde edilen ki\u015fisel veriler a\u015fa\u011f\u0131daki kategorilere girebilir:<\/p>\n<ul data-start=\"912\" data-end=\"1302\">\n<li data-start=\"912\" data-end=\"986\">\n<p data-start=\"914\" data-end=\"986\"><strong data-start=\"914\" data-end=\"934\">Kimlik Verileri:<\/strong> Ad, soyad, T.C. kimlik numaras\u0131, do\u011fum tarihi vb.<\/p>\n<\/li>\n<li data-start=\"987\" data-end=\"1047\">\n<p data-start=\"989\" data-end=\"1047\"><strong data-start=\"989\" data-end=\"1011\">\u0130leti\u015fim Verileri:<\/strong> Telefon numaras\u0131, e-posta, adres.<\/p>\n<\/li>\n<li data-start=\"1048\" data-end=\"1136\">\n<p data-start=\"1050\" data-end=\"1136\"><strong data-start=\"1050\" data-end=\"1071\">Finansal Veriler:<\/strong> Banka hesap bilgisi, fatura bilgileri (ilgili olmas\u0131 halinde).<\/p>\n<\/li>\n<li data-start=\"1137\" data-end=\"1218\">\n<p data-start=\"1139\" data-end=\"1218\"><strong data-start=\"1139\" data-end=\"1163\">Web Sitesi Verileri:<\/strong> IP adresi, \u00e7erez bilgileri, kullan\u0131c\u0131 log kay\u0131tlar\u0131.<\/p>\n<\/li>\n<li data-start=\"1219\" data-end=\"1302\">\n<p data-start=\"1221\" data-end=\"1302\"><strong data-start=\"1221\" data-end=\"1251\">G\u00f6rsel ve \u0130\u015fitsel Veriler:<\/strong> Kamera kay\u0131tlar\u0131 (fiziksel mek\u00e2nlarda mevcutsa).<\/p>\n<\/li>\n<\/ul>\n<hr data-start=\"1304\" data-end=\"1307\" \/>\n<h2 data-start=\"1309\" data-end=\"1351\">3. Ki\u015fisel Verilerin \u0130\u015flenme Ama\u00e7lar\u0131<\/h2>\n<p data-start=\"1352\" data-end=\"1472\">Ki\u015fisel verileriniz KVKK madde 5 ve 6\u2019da belirtilen i\u015fleme \u015fartlar\u0131na dayal\u0131 olarak a\u015fa\u011f\u0131daki ama\u00e7larla i\u015flenmektedir:<\/p>\n<ul data-start=\"1473\" data-end=\"1870\">\n<li data-start=\"1473\" data-end=\"1537\">\n<p data-start=\"1475\" data-end=\"1537\">\u015eirket faaliyetlerinin y\u00fcr\u00fct\u00fclmesi ve hizmetlerin sunulmas\u0131,<\/p>\n<\/li>\n<li data-start=\"1538\" data-end=\"1594\">\n<p data-start=\"1540\" data-end=\"1594\">Talep ve ba\u015fvurular\u0131n al\u0131nmas\u0131 ve de\u011ferlendirilmesi,<\/p>\n<\/li>\n<li data-start=\"1595\" data-end=\"1633\">\n<p data-start=\"1597\" data-end=\"1633\">S\u00f6zle\u015fme s\u00fcre\u00e7lerinin y\u00fcr\u00fct\u00fclmesi,<\/p>\n<\/li>\n<li data-start=\"1634\" data-end=\"1679\">\n<p data-start=\"1636\" data-end=\"1679\">Yasal y\u00fck\u00fcml\u00fcl\u00fcklerin yerine getirilmesi,<\/p>\n<\/li>\n<li data-start=\"1680\" data-end=\"1731\">\n<p data-start=\"1682\" data-end=\"1731\">\u0130\u015f s\u00fcre\u00e7lerinin geli\u015ftirilmesi ve denetlenmesi,<\/p>\n<\/li>\n<li data-start=\"1732\" data-end=\"1797\">\n<p data-start=\"1734\" data-end=\"1797\">M\u00fc\u015fteri memnuniyetinin art\u0131r\u0131lmas\u0131 ve pazarlama faaliyetleri,<\/p>\n<\/li>\n<li data-start=\"1798\" data-end=\"1870\">\n<p data-start=\"1800\" data-end=\"1870\">G\u00fcvenlik s\u00fcre\u00e7lerinin y\u00fcr\u00fct\u00fclmesi ve sistem g\u00fcvenli\u011finin sa\u011flanmas\u0131.<\/p>\n<\/li>\n<\/ul>\n<hr data-start=\"1872\" data-end=\"1875\" \/>\n<h2 data-start=\"1877\" data-end=\"1914\">4. Ki\u015fisel Verilerin Aktar\u0131lmas\u0131<\/h2>\n<p data-start=\"1915\" data-end=\"1937\">Ki\u015fisel verileriniz;<\/p>\n<ul data-start=\"1938\" data-end=\"2165\">\n<li data-start=\"1938\" data-end=\"1986\">\n<p data-start=\"1940\" data-end=\"1986\">Kanunen yetkili kamu kurum ve kurulu\u015flar\u0131na,<\/p>\n<\/li>\n<li data-start=\"1987\" data-end=\"2069\">\n<p data-start=\"1989\" data-end=\"2069\">Yurt i\u00e7i\/yurt d\u0131\u015f\u0131ndaki i\u015f ortaklar\u0131na, tedarik\u00e7ilere ve hizmet sa\u011flay\u0131c\u0131lara,<\/p>\n<\/li>\n<li data-start=\"2070\" data-end=\"2165\">\n<p data-start=\"2072\" data-end=\"2165\">Hukuki s\u00fcre\u00e7lerde yetkili mercilere,<br data-start=\"2108\" data-end=\"2111\" \/>yasal d\u00fczenlemeler \u00e7er\u00e7evesinde aktar\u0131labilmektedir.<\/p>\n<\/li>\n<\/ul>\n<hr data-start=\"2167\" data-end=\"2170\" \/>\n<h2 data-start=\"2172\" data-end=\"2230\">5. Ki\u015fisel Veri Toplama Y\u00f6ntemleri ve Hukuki Sebepler<\/h2>\n<p data-start=\"2231\" data-end=\"2388\">Ki\u015fisel verileriniz; internet sitesi, ileti\u015fim formlar\u0131, e-posta, telefon g\u00f6r\u00fc\u015fmeleri, fiziki ba\u015fvurular ve benzeri y\u00f6ntemlerle toplanmaktad\u0131r. Bu veriler;<\/p>\n<ul data-start=\"2389\" data-end=\"2628\">\n<li data-start=\"2389\" data-end=\"2427\">\n<p data-start=\"2391\" data-end=\"2427\"><strong data-start=\"2391\" data-end=\"2425\">Kanunlarda a\u00e7\u0131k\u00e7a \u00f6ng\u00f6r\u00fclmesi,<\/strong><\/p>\n<\/li>\n<li data-start=\"2428\" data-end=\"2469\">\n<p data-start=\"2430\" data-end=\"2469\"><strong data-start=\"2430\" data-end=\"2467\">S\u00f6zle\u015fmenin kurulmas\u0131 veya ifas\u0131,<\/strong><\/p>\n<\/li>\n<li data-start=\"2470\" data-end=\"2517\">\n<p data-start=\"2472\" data-end=\"2517\"><strong data-start=\"2472\" data-end=\"2515\">Hukuki y\u00fck\u00fcml\u00fcl\u00fc\u011f\u00fcn yerine getirilmesi,<\/strong><\/p>\n<\/li>\n<li data-start=\"2518\" data-end=\"2562\">\n<p data-start=\"2520\" data-end=\"2562\"><strong data-start=\"2520\" data-end=\"2560\">Veri sorumlusunun me\u015fru menfaatleri,<\/strong><\/p>\n<\/li>\n<li data-start=\"2563\" data-end=\"2628\">\n<p data-start=\"2565\" data-end=\"2628\"><strong data-start=\"2565\" data-end=\"2578\">A\u00e7\u0131k r\u0131za<\/strong><br data-start=\"2578\" data-end=\"2581\" \/>hukuki sebeplerine dayan\u0131larak i\u015flenmektedir.<\/p>\n<\/li>\n<\/ul>\n<hr data-start=\"2630\" data-end=\"2633\" \/>\n<h2 data-start=\"2635\" data-end=\"2672\">6. Veri Sahibi Olarak Haklar\u0131n\u0131z<\/h2>\n<p data-start=\"2673\" data-end=\"2759\">KVKK\u2019n\u0131n 11. maddesi kapsam\u0131nda ki\u015fisel veri sahipleri olarak \u015fu haklara sahipsiniz:<\/p>\n<ul data-start=\"2760\" data-end=\"3386\">\n<li data-start=\"2760\" data-end=\"2816\">\n<p data-start=\"2762\" data-end=\"2816\">Ki\u015fisel verilerinizin i\u015flenip i\u015flenmedi\u011fini \u00f6\u011frenme,<\/p>\n<\/li>\n<li data-start=\"2817\" data-end=\"2862\">\n<p data-start=\"2819\" data-end=\"2862\">\u0130\u015flenmi\u015fse buna ili\u015fkin bilgi talep etme,<\/p>\n<\/li>\n<li data-start=\"2863\" data-end=\"2935\">\n<p data-start=\"2865\" data-end=\"2935\">\u0130\u015fleme amac\u0131n\u0131 ve amac\u0131na uygun kullan\u0131l\u0131p kullan\u0131lmad\u0131\u011f\u0131n\u0131 \u00f6\u011frenme,<\/p>\n<\/li>\n<li data-start=\"2936\" data-end=\"3004\">\n<p data-start=\"2938\" data-end=\"3004\">Yurt i\u00e7inde veya yurt d\u0131\u015f\u0131nda aktar\u0131ld\u0131\u011f\u0131 \u00fc\u00e7\u00fcnc\u00fc ki\u015fileri bilme,<\/p>\n<\/li>\n<li data-start=\"3005\" data-end=\"3060\">\n<p data-start=\"3007\" data-end=\"3060\">Eksik veya yanl\u0131\u015f i\u015flenmi\u015fse d\u00fczeltilmesini isteme,<\/p>\n<\/li>\n<li data-start=\"3061\" data-end=\"3128\">\n<p data-start=\"3063\" data-end=\"3128\">KVKK madde 7 kapsam\u0131nda silinmesini veya yok edilmesini isteme,<\/p>\n<\/li>\n<li data-start=\"3129\" data-end=\"3263\">\n<p data-start=\"3131\" data-end=\"3263\">\u0130\u015flemenin m\u00fcnhas\u0131ran otomatik sistemler vas\u0131tas\u0131yla analiz edilmesi suretiyle aleyhinize bir sonucun ortaya \u00e7\u0131kmas\u0131na itiraz etme,<\/p>\n<\/li>\n<li data-start=\"3264\" data-end=\"3386\">\n<p data-start=\"3266\" data-end=\"3386\">Ki\u015fisel verilerinizin kanuna ayk\u0131r\u0131 i\u015flenmesi sebebiyle zarara u\u011framan\u0131z h\u00e2linde zarar\u0131n\u0131z\u0131n giderilmesini talep etme.<\/p>\n<\/li>\n<\/ul>\n<hr data-start=\"3388\" data-end=\"3391\" \/>\n<h2 data-start=\"3393\" data-end=\"3416\">7. Ba\u015fvuru Y\u00f6ntemi<\/h2>\n<p data-start=\"3417\" data-end=\"3605\">KVKK\u2019n\u0131n 13. maddesi gere\u011fi, yukar\u0131da belirtilen haklar\u0131n\u0131z\u0131 kullanmak i\u00e7in yaz\u0131l\u0131 olarak veya kay\u0131tl\u0131 elektronik posta (KEP) adresimiz \u00fczerinden ba\u015fvuru yapabilirsiniz. Ba\u015fvurular\u0131n\u0131z\u0131;<\/p>\n<ul data-start=\"3607\" data-end=\"3704\">\n<li data-start=\"3607\" data-end=\"3649\">\n<p data-start=\"3609\" data-end=\"3649\">E-posta: <strong data-start=\"3618\" data-end=\"3647\"><a class=\"decorated-link cursor-pointer\" rel=\"noopener\" data-start=\"3620\" data-end=\"3645\">info@smsgrupinsaat.com.tr<\/a><\/strong><\/p>\n<\/li>\n<li data-start=\"3650\" data-end=\"3704\">\n<p data-start=\"3652\" data-end=\"3704\">Adres: <strong data-start=\"3659\" data-end=\"3702\">[\u015eirket merkez adresi buraya yaz\u0131lacak]<\/strong><\/p>\n<\/li>\n<\/ul>\n<p data-start=\"3706\" data-end=\"3733\">adresine iletebilirsiniz.<\/p>\n<p data-start=\"3735\" data-end=\"3835\">Ba\u015fvurular\u0131n\u0131z en ge\u00e7 <strong data-start=\"3757\" data-end=\"3778\">30 g\u00fcn i\u00e7erisinde<\/strong> KVKK ve ilgili mevzuata uygun \u015fekilde yan\u0131tlanacakt\u0131r.<\/p>\n<hr data-start=\"3837\" data-end=\"3840\" \/>\n<h2 data-start=\"3842\" data-end=\"3863\">8. G\u00fcncellemeler<\/h2>\n<p data-start=\"3864\" data-end=\"4084\">Bu ayd\u0131nlatma metni, mevzuat de\u011fi\u015fiklikleri veya i\u015f s\u00fcre\u00e7lerimizdeki ihtiya\u00e7lar do\u011frultusunda g\u00fcncellenebilir. G\u00fcncel s\u00fcr\u00fcm her zaman <a class=\"decorated-link\" href=\"https:\/\/smsgrupinsaat.com.tr\/?utm_source=chatgpt.com\" target=\"_new\" rel=\"noopener\" data-start=\"3998\" data-end=\"4055\">www.smsgrupinsaat.com.tr<\/a> adresinde yay\u0131mlanacakt\u0131r.<\/p>\n\n\t\t<\/div>\n\t<\/div>\n<\/div><\/div><\/div><\/div>\n<\/div>","protected":false},"excerpt":{"rendered":"SMS Grup \u0130n\u015faat Ayd\u0131nlatma ve KVKK Metni SMS Grup \u0130n\u015faat Anonim \u015eirketi (\u201c\u015eirket\u201d veya \u201cSMS Grup\u201d) olarak, ki\u015fisel verilerinizin korunmas\u0131na","protected":false},"author":1,"featured_media":0,"parent":0,"menu_order":1,"comment_status":"closed","ping_status":"closed","template":"","meta":{"footnotes":""},"class_list":["post-11067","page","type-page","status-publish","hentry"],"_links":{"self":[{"href":"https:\/\/smsgrupinsaat.com.tr\/en\/wp-json\/wp\/v2\/pages\/11067","targetHints":{"allow":["GET"]}}],"collection":[{"href":"https:\/\/smsgrupinsaat.com.tr\/en\/wp-json\/wp\/v2\/pages"}],"about":[{"href":"https:\/\/smsgrupinsaat.com.tr\/en\/wp-json\/wp\/v2\/types\/page"}],"author":[{"embeddable":true,"href":"https:\/\/smsgrupinsaat.com.tr\/en\/wp-json\/wp\/v2\/users\/1"}],"replies":[{"embeddable":true,"href":"https:\/\/smsgrupinsaat.com.tr\/en\/wp-json\/wp\/v2\/comments?post=11067"}],"version-history":[{"count":2,"href":"https:\/\/smsgrupinsaat.com.tr\/en\/wp-json\/wp\/v2\/pages\/11067\/revisions"}],"predecessor-version":[{"id":11069,"href":"https:\/\/smsgrupinsaat.com.tr\/en\/wp-json\/wp\/v2\/pages\/11067\/revisions\/11069"}],"wp:attachment":[{"href":"https:\/\/smsgrupinsaat.com.tr\/en\/wp-json\/wp\/v2\/media?parent=11067"}],"curies":[{"name":"wp","href":"https:\/\/api.w.org\/{rel}","templated":true}]}}