{"id":10983,"date":"2025-08-30T19:43:41","date_gmt":"2025-08-30T16:43:41","guid":{"rendered":"https:\/\/smsgrupinsaat.com.tr\/?page_id=10983"},"modified":"2025-09-12T23:23:35","modified_gmt":"2025-09-12T20:23:35","slug":"foreign-trade","status":"publish","type":"page","link":"https:\/\/smsgrupinsaat.com.tr\/en\/foreign-trade\/","title":{"rendered":"Foreign Trade"},"content":{"rendered":"<div class=\"wpb-content-wrapper\"><div class=\"vc_row wpb_row vc_row-fluid vc_custom_1756802903406 wd-rs-68b6af4f3f02a\"><div class=\"wpb_column vc_column_container vc_col-sm-12\"><div class=\"vc_column-inner\"><div class=\"wpb_wrapper\">\n\t<div class=\"wpb_text_column wpb_content_element\" >\n\t\t<div class=\"wpb_wrapper\">\n\t\t\t<h2 style=\"text-align: center;\" data-start=\"730\" data-end=\"762\">Strong Network and Global Experience<\/h2>\n\n\t\t<\/div>\n\t<\/div>\n\t\t<div id=\"wd-68c480e488a1d\" class=\"wd-text-block wd-wpb reset-last-child wd-rs-68c480e488a1d text-left wd-fontsize-custom\">\n\t\t\t<p style=\"text-align: center; color: #000;\">As SMS Group Construction, we develop sustainable collaborations in global markets with our strong network and experience in international trade. In the developing world economy, foreign trade means not only the exchange of products and services, but also cultural interaction, information sharing and long-term economic relations. Acting with this awareness, we both contribute to increasing the foreign trade capacity of our country and offer reliable solutions to our business partners.<\/p>\n\t\t<\/div>\n\t\t\t\t<div id=\"wd-68c48119c3189\" class=\"wd-text-block wd-wpb reset-last-child wd-rs-68c48119c3189 text-left wd-fontsize-custom\">\n\t\t\t<p style=\"text-align: center; color: #000000;\">One of the most important elements in foreign trade is a reliable network and international experience. As SMS Group Construction, we are building strong relationships with companies operating in different geographies with the extensive business connections and strategic partnerships we have developed over the years.<\/p>\n<p style=\"text-align: center; color: #000000;\">We combine our experience in global markets with local dynamics and develop solutions that will provide competitive advantage to our business partners. Thus, we establish sustainable and long-term commercial relationships in both export and import.<\/p>\n\t\t<\/div>\n\t\t<\/div><\/div><\/div><\/div>\n<\/div>","protected":false},"excerpt":{"rendered":"G\u00fc\u00e7l\u00fc A\u011f ve K\u00fcresel Deneyim SMS Grup \u0130n\u015faat olarak, uluslararas\u0131 ticarette g\u00fc\u00e7l\u00fc a\u011f\u0131m\u0131z ve deneyimimizle global pazarlarda s\u00fcrd\u00fcr\u00fclebilir i\u015f birlikleri","protected":false},"author":1,"featured_media":0,"parent":0,"menu_order":3,"comment_status":"closed","ping_status":"closed","template":"","meta":{"footnotes":""},"class_list":["post-10983","page","type-page","status-publish","hentry"],"_links":{"self":[{"href":"https:\/\/smsgrupinsaat.com.tr\/en\/wp-json\/wp\/v2\/pages\/10983","targetHints":{"allow":["GET"]}}],"collection":[{"href":"https:\/\/smsgrupinsaat.com.tr\/en\/wp-json\/wp\/v2\/pages"}],"about":[{"href":"https:\/\/smsgrupinsaat.com.tr\/en\/wp-json\/wp\/v2\/types\/page"}],"author":[{"embeddable":true,"href":"https:\/\/smsgrupinsaat.com.tr\/en\/wp-json\/wp\/v2\/users\/1"}],"replies":[{"embeddable":true,"href":"https:\/\/smsgrupinsaat.com.tr\/en\/wp-json\/wp\/v2\/comments?post=10983"}],"version-history":[{"count":10,"href":"https:\/\/smsgrupinsaat.com.tr\/en\/wp-json\/wp\/v2\/pages\/10983\/revisions"}],"predecessor-version":[{"id":11350,"href":"https:\/\/smsgrupinsaat.com.tr\/en\/wp-json\/wp\/v2\/pages\/10983\/revisions\/11350"}],"wp:attachment":[{"href":"https:\/\/smsgrupinsaat.com.tr\/en\/wp-json\/wp\/v2\/media?parent=10983"}],"curies":[{"name":"wp","href":"https:\/\/api.w.org\/{rel}","templated":true}]}}