{"id":10959,"date":"2025-08-30T18:57:03","date_gmt":"2025-08-30T15:57:03","guid":{"rendered":"https:\/\/smsgrupinsaat.com.tr\/?page_id=10959"},"modified":"2025-09-14T21:31:25","modified_gmt":"2025-09-14T18:31:25","slug":"real-estate-development","status":"publish","type":"page","link":"https:\/\/smsgrupinsaat.com.tr\/en\/real-estate-development\/","title":{"rendered":"Real Estate Development"},"content":{"rendered":"<div class=\"wpb-content-wrapper\"><div class=\"vc_row wpb_row vc_row-fluid\"><div class=\"wpb_column vc_column_container vc_col-sm-12\"><div class=\"vc_column-inner\"><div class=\"wpb_wrapper\">\n\t<div class=\"wpb_raw_code wpb_raw_html wpb_content_element\" >\n\t\t<div class=\"wpb_wrapper\">\n\t\t\t<div><p style=\"text-align: center;font-size:19px;\"><em style=\"color: #000;\"><span class=\"vc_icon_element-icon fa fa-solid fa-quote-left yuari\" style=\"color:#2C3552 !important\"><\/span> In the field of real estate, we develop projects built on solid foundations. With our trust and quality-oriented approach, we are strengthening our position among Turkey's most important investors. <\/em><span class=\"vc_icon_element-icon fa fa-solid fa-quote-right asagi\" style=\"color:#2C3552 !important\"><\/span><\/p><\/div>\n\t\t<\/div>\n\t<\/div>\n<\/div><\/div><\/div><\/div><div class=\"vc_row wpb_row vc_row-fluid vc_custom_1757872981607 wd-disable-overflow wd-rs-68c70353c81ff\"><div class=\"wpb_column vc_column_container vc_col-sm-12 wd-rs-60f82d56d6526\"><div class=\"vc_column-inner vc_custom_1626877274491\"><div class=\"wpb_wrapper\">\t\t\t\n\t\t\t<div id=\"carousel-180\" class=\"wd-carousel-container  wd-rs-68b5a48b8229b  wd-projects wd-portfolio-element\">\n\t\t\t\t\n\t\t\t\t\t\t\t\n\t\t\t\t<div class=\"wd-carousel-inner\">\n\t\t\t\t\t<div class=\"wd-wpb wd-carousel wd-grid\" data-speed=\"5000\" data-wrap=\"yes\" data-autoplay=\"yes\" data-autoheight=\"yes\" data-scroll_per_page=\"yes\" style=\"--wd-col-lg:2;--wd-col-md:2;--wd-col-sm:1;--wd-gap-lg:6px;\">\n\t\t\t\t\t\t<div class=\"wd-carousel-wrap\">\n\t\t\t\t\t\t\t\t\t<div class=\"wd-carousel-item\">\n\t\t\t\t\t\t\t\n<article id=\"post-11223\" class=\"wd-project portfolio-entry proj-cat-devam-eden-projeler proj-cat-gayrimenkul-gelistirme portfolio-parallax post-11223 portfolio type-portfolio status-publish has-post-thumbnail hentry project-cat-devam-eden-projeler project-cat-gayrimenkul-gelistirme\">\n\t<header class=\"entry-header\">\n\t\t\t\t\t<figure class=\"entry-thumbnail color-scheme-light\">\n\t\t\t\t<a href=\"https:\/\/smsgrupinsaat.com.tr\/en\/portfolio\/dikmen-valley-last-stage-urban-transformation\/\" class=\"portfolio-thumbnail\">\n\t\t\t\t\t<img loading=\"lazy\" decoding=\"async\" width=\"800\" height=\"800\" src=\"https:\/\/smsgrupinsaat.com.tr\/wp-content\/uploads\/2025\/08\/1-2.webp\" class=\"attachment-large size-large\" alt=\"\" srcset=\"https:\/\/smsgrupinsaat.com.tr\/wp-content\/uploads\/2025\/08\/1-2.webp 800w, https:\/\/smsgrupinsaat.com.tr\/wp-content\/uploads\/2025\/08\/1-2-768x768.webp 768w\" sizes=\"auto, (max-width: 800px) 100vw, 800px\" \/>\t\t\t\t<\/a>\n\t\t\t\t<div class=\"wd-portfolio-btns\">\n\t\t\t\t\t<div class=\"portfolio-enlarge wd-action-btn wd-style-icon wd-enlarge-icon wd-tltp\">\n\t\t\t\t\t\t<a href=\"https:\/\/smsgrupinsaat.com.tr\/wp-content\/uploads\/2025\/08\/1-2.webp\" data-elementor-open-lightbox=\"no\">View Large<\/a>\n\t\t\t\t\t<\/div>\n\t\t\t\t\t\t\t\t\t\t\t<div class=\"social-icons-wrapper wd-action-btn wd-style-icon wd-share-icon wd-tltp\">\n\t\t\t\t\t\t\t<a><\/a>\n\t\t\t\t\t\t\t<div class=\"tooltip left\">\n\t\t\t\t\t\t\t\t<div class=\"tooltip-arrow\"><\/div>\n\t\t\t\t\t\t\t\t<div class=\"tooltip-inner\">\n\t\t\t\t\t\t\t\t\t\t\t\t<div\n\t\t\t\t\t\tclass=\"wd-social-icons  wd-style-default wd-size-small social-share wd-shape-circle color-scheme-light text-center\">\n\t\t\t\t\n\t\t\t\t\n\t\t\t\t\t\t\t\t\t<a rel=\"noopener noreferrer nofollow\" href=\"https:\/\/www.facebook.com\/sharer\/sharer.php?u=https:\/\/smsgrupinsaat.com.tr\/en\/portfolio\/dikmen-valley-last-stage-urban-transformation\/\" target=\"_blank\" class=\"wd-social-icon social-facebook\" aria-label=\"Facebook social link\">\n\t\t\t\t\t\t<span class=\"wd-icon\"><\/span>\n\t\t\t\t\t\t\t\t\t\t\t<\/a>\n\t\t\t\t\n\t\t\t\t\t\t\t\t\t<a rel=\"noopener noreferrer nofollow\" href=\"https:\/\/x.com\/share?url=https:\/\/smsgrupinsaat.com.tr\/en\/portfolio\/dikmen-valley-last-stage-urban-transformation\/\" target=\"_blank\" class=\"wd-social-icon social-twitter\" aria-label=\"X social link\">\n\t\t\t\t\t\t<span class=\"wd-icon\"><\/span>\n\t\t\t\t\t\t\t\t\t\t\t<\/a>\n\t\t\t\t\n\t\t\t\t\n\t\t\t\t\n\t\t\t\t\n\t\t\t\t\n\t\t\t\t\n\t\t\t\t\t\t\t\t\t<a rel=\"noopener noreferrer nofollow\" href=\"https:\/\/pinterest.com\/pin\/create\/button\/?url=https:\/\/smsgrupinsaat.com.tr\/en\/portfolio\/dikmen-valley-last-stage-urban-transformation\/&media=https:\/\/smsgrupinsaat.com.tr\/wp-content\/uploads\/2025\/08\/1-2.webp&description=D%C4%B0KMEN+VAD%C4%B0S%C4%B0+SON+ETAP+KENTSEL+D%C3%96N%C3%9C%C5%9E%C3%9CM\" target=\"_blank\" class=\"wd-social-icon social-pinterest\" aria-label=\"Pinterest social link\">\n\t\t\t\t\t\t<span class=\"wd-icon\"><\/span>\n\t\t\t\t\t\t\t\t\t\t\t<\/a>\n\t\t\t\t\n\t\t\t\t\n\t\t\t\t\t\t\t\t\t<a rel=\"noopener noreferrer nofollow\" href=\"https:\/\/www.linkedin.com\/shareArticle?mini=true&url=https:\/\/smsgrupinsaat.com.tr\/en\/portfolio\/dikmen-valley-last-stage-urban-transformation\/\" target=\"_blank\" class=\"wd-social-icon social-linkedin\" aria-label=\"Linkedin social link\">\n\t\t\t\t\t\t<span class=\"wd-icon\"><\/span>\n\t\t\t\t\t\t\t\t\t\t\t<\/a>\n\t\t\t\t\n\t\t\t\t\n\t\t\t\t\n\t\t\t\t\n\t\t\t\t\n\t\t\t\t\n\t\t\t\t\n\t\t\t\t\n\t\t\t\t\n\t\t\t\t\t\t\t\t\t<a rel=\"noopener noreferrer nofollow\" href=\"https:\/\/api.whatsapp.com\/send?text=https%3A%2F%2Fsmsgrupinsaat.com.tr%2Fen%2Fportfolio%2Fdikmen-valley-last-stage-urban-transformation%2F\" target=\"_blank\" class=\"wd-hide-md  wd-social-icon social-whatsapp\" aria-label=\"WhatsApp social link\">\n\t\t\t\t\t\t<span class=\"wd-icon\"><\/span>\n\t\t\t\t\t\t\t\t\t\t\t<\/a>\n\n\t\t\t\t\t<a rel=\"noopener noreferrer nofollow\" href=\"whatsapp:\/\/send?text=https%3A%2F%2Fsmsgrupinsaat.com.tr%2Fen%2Fportfolio%2Fdikmen-valley-last-stage-urban-transformation%2F\" target=\"_blank\" class=\"wd-hide-lg  wd-social-icon social-whatsapp\" aria-label=\"WhatsApp social link\">\n\t\t\t\t\t\t<span class=\"wd-icon\"><\/span>\n\t\t\t\t\t\t\t\t\t\t\t<\/a>\n\t\t\t\t\n\t\t\t\t\n\t\t\t\t\n\t\t\t\t\n\t\t\t\t\n\t\t\t\t\n\t\t\t\t\n\t\t\t\t\n\t\t\t<\/div>\n\n\t\t\t\t\t\t\t\t\t\t<\/div>\n\t\t\t\t\t\t\t<\/div>\n\t\t\t\t\t\t<\/div>\n\t\t\t\t\t\t\t\t\t<\/div>\n\t\t\t<\/figure>\n\t\t\n\t\t<div class=\"portfolio-info color-scheme-light\">\n\t\t\t\t\t\t\t<div class=\"wrap-meta\">\n\t\t\t\t\t<ul class=\"proj-cats-list\">\n\t\t\t\t\t\t\t\t\t\t\t\t\t\t\t\t\t\t\t\t<li>Ongoing Projects<\/li>\n\t\t\t\t\t\t\t\t\t\t\t\t\t\t\t\t\t\t\t\t<li>Real Estate Development<\/li>\n\t\t\t\t\t\t\t\t\t\t\t<\/ul>\n\t\t\t\t<\/div>\n\t\t\t\n\t\t\t<div class=\"wrap-title\">\n\t\t\t\t<h3 class=\"wd-entities-title\">\n\t\t\t\t\t<a href=\"https:\/\/smsgrupinsaat.com.tr\/en\/portfolio\/dikmen-valley-last-stage-urban-transformation\/\" rel=\"bookmark\">LAST STAGE URBAN REGENERATION IN DINKMEN VALLEY<\/a>\n\t\t\t\t<\/h3>\n\t\t\t<\/div>\n\t\t<\/div>\n\t<\/header>\n<\/article>\n\t\t\t\t\t<\/div>\n\t\t\t\t<div class=\"wd-carousel-item\">\n\t\t\t\t\t\t\t\n<article id=\"post-11478\" class=\"wd-project portfolio-entry proj-cat-devam-eden-projeler proj-cat-gayrimenkul-gelistirme portfolio-parallax post-11478 portfolio type-portfolio status-publish has-post-thumbnail hentry project-cat-devam-eden-projeler project-cat-gayrimenkul-gelistirme\">\n\t<header class=\"entry-header\">\n\t\t\t\t\t<figure class=\"entry-thumbnail color-scheme-light\">\n\t\t\t\t<a href=\"https:\/\/smsgrupinsaat.com.tr\/en\/portfolio\/gocek-villa-housing-project\/\" class=\"portfolio-thumbnail\">\n\t\t\t\t\t<img loading=\"lazy\" decoding=\"async\" width=\"800\" height=\"800\" src=\"https:\/\/smsgrupinsaat.com.tr\/wp-content\/uploads\/2025\/08\/1-10.webp\" class=\"attachment-large size-large\" alt=\"\" srcset=\"https:\/\/smsgrupinsaat.com.tr\/wp-content\/uploads\/2025\/08\/1-10.webp 800w, https:\/\/smsgrupinsaat.com.tr\/wp-content\/uploads\/2025\/08\/1-10-768x768.webp 768w\" sizes=\"auto, (max-width: 800px) 100vw, 800px\" \/>\t\t\t\t<\/a>\n\t\t\t\t<div class=\"wd-portfolio-btns\">\n\t\t\t\t\t<div class=\"portfolio-enlarge wd-action-btn wd-style-icon wd-enlarge-icon wd-tltp\">\n\t\t\t\t\t\t<a href=\"https:\/\/smsgrupinsaat.com.tr\/wp-content\/uploads\/2025\/08\/1-10.webp\" data-elementor-open-lightbox=\"no\">View Large<\/a>\n\t\t\t\t\t<\/div>\n\t\t\t\t\t\t\t\t\t\t\t<div class=\"social-icons-wrapper wd-action-btn wd-style-icon wd-share-icon wd-tltp\">\n\t\t\t\t\t\t\t<a><\/a>\n\t\t\t\t\t\t\t<div class=\"tooltip left\">\n\t\t\t\t\t\t\t\t<div class=\"tooltip-arrow\"><\/div>\n\t\t\t\t\t\t\t\t<div class=\"tooltip-inner\">\n\t\t\t\t\t\t\t\t\t\t\t\t<div\n\t\t\t\t\t\tclass=\"wd-social-icons  wd-style-default wd-size-small social-share wd-shape-circle color-scheme-light text-center\">\n\t\t\t\t\n\t\t\t\t\n\t\t\t\t\t\t\t\t\t<a rel=\"noopener noreferrer nofollow\" href=\"https:\/\/www.facebook.com\/sharer\/sharer.php?u=https:\/\/smsgrupinsaat.com.tr\/en\/portfolio\/gocek-villa-housing-project\/\" target=\"_blank\" class=\"wd-social-icon social-facebook\" aria-label=\"Facebook social link\">\n\t\t\t\t\t\t<span class=\"wd-icon\"><\/span>\n\t\t\t\t\t\t\t\t\t\t\t<\/a>\n\t\t\t\t\n\t\t\t\t\t\t\t\t\t<a rel=\"noopener noreferrer nofollow\" href=\"https:\/\/x.com\/share?url=https:\/\/smsgrupinsaat.com.tr\/en\/portfolio\/gocek-villa-housing-project\/\" target=\"_blank\" class=\"wd-social-icon social-twitter\" aria-label=\"X social link\">\n\t\t\t\t\t\t<span class=\"wd-icon\"><\/span>\n\t\t\t\t\t\t\t\t\t\t\t<\/a>\n\t\t\t\t\n\t\t\t\t\n\t\t\t\t\n\t\t\t\t\n\t\t\t\t\n\t\t\t\t\n\t\t\t\t\t\t\t\t\t<a rel=\"noopener noreferrer nofollow\" href=\"https:\/\/pinterest.com\/pin\/create\/button\/?url=https:\/\/smsgrupinsaat.com.tr\/en\/portfolio\/gocek-villa-housing-project\/&media=https:\/\/smsgrupinsaat.com.tr\/wp-content\/uploads\/2025\/08\/1-10.webp&description=G%C3%96CEK+V%C4%B0LLA+KONUT+PROJES%C4%B0\" target=\"_blank\" class=\"wd-social-icon social-pinterest\" aria-label=\"Pinterest social link\">\n\t\t\t\t\t\t<span class=\"wd-icon\"><\/span>\n\t\t\t\t\t\t\t\t\t\t\t<\/a>\n\t\t\t\t\n\t\t\t\t\n\t\t\t\t\t\t\t\t\t<a rel=\"noopener noreferrer nofollow\" href=\"https:\/\/www.linkedin.com\/shareArticle?mini=true&url=https:\/\/smsgrupinsaat.com.tr\/en\/portfolio\/gocek-villa-housing-project\/\" target=\"_blank\" class=\"wd-social-icon social-linkedin\" aria-label=\"Linkedin social link\">\n\t\t\t\t\t\t<span class=\"wd-icon\"><\/span>\n\t\t\t\t\t\t\t\t\t\t\t<\/a>\n\t\t\t\t\n\t\t\t\t\n\t\t\t\t\n\t\t\t\t\n\t\t\t\t\n\t\t\t\t\n\t\t\t\t\n\t\t\t\t\n\t\t\t\t\n\t\t\t\t\t\t\t\t\t<a rel=\"noopener noreferrer nofollow\" href=\"https:\/\/api.whatsapp.com\/send?text=https%3A%2F%2Fsmsgrupinsaat.com.tr%2Fen%2Fportfolio%2Fgocek-villa-housing-project%2F\" target=\"_blank\" class=\"wd-hide-md  wd-social-icon social-whatsapp\" aria-label=\"WhatsApp social link\">\n\t\t\t\t\t\t<span class=\"wd-icon\"><\/span>\n\t\t\t\t\t\t\t\t\t\t\t<\/a>\n\n\t\t\t\t\t<a rel=\"noopener noreferrer nofollow\" href=\"whatsapp:\/\/send?text=https%3A%2F%2Fsmsgrupinsaat.com.tr%2Fen%2Fportfolio%2Fgocek-villa-housing-project%2F\" target=\"_blank\" class=\"wd-hide-lg  wd-social-icon social-whatsapp\" aria-label=\"WhatsApp social link\">\n\t\t\t\t\t\t<span class=\"wd-icon\"><\/span>\n\t\t\t\t\t\t\t\t\t\t\t<\/a>\n\t\t\t\t\n\t\t\t\t\n\t\t\t\t\n\t\t\t\t\n\t\t\t\t\n\t\t\t\t\n\t\t\t\t\n\t\t\t\t\n\t\t\t<\/div>\n\n\t\t\t\t\t\t\t\t\t\t<\/div>\n\t\t\t\t\t\t\t<\/div>\n\t\t\t\t\t\t<\/div>\n\t\t\t\t\t\t\t\t\t<\/div>\n\t\t\t<\/figure>\n\t\t\n\t\t<div class=\"portfolio-info color-scheme-light\">\n\t\t\t\t\t\t\t<div class=\"wrap-meta\">\n\t\t\t\t\t<ul class=\"proj-cats-list\">\n\t\t\t\t\t\t\t\t\t\t\t\t\t\t\t\t\t\t\t\t<li>Ongoing Projects<\/li>\n\t\t\t\t\t\t\t\t\t\t\t\t\t\t\t\t\t\t\t\t<li>Real Estate Development<\/li>\n\t\t\t\t\t\t\t\t\t\t\t<\/ul>\n\t\t\t\t<\/div>\n\t\t\t\n\t\t\t<div class=\"wrap-title\">\n\t\t\t\t<h3 class=\"wd-entities-title\">\n\t\t\t\t\t<a href=\"https:\/\/smsgrupinsaat.com.tr\/en\/portfolio\/gocek-villa-housing-project\/\" rel=\"bookmark\">GOCEK VILLA HOUSING PROJECT<\/a>\n\t\t\t\t<\/h3>\n\t\t\t<\/div>\n\t\t<\/div>\n\t<\/header>\n<\/article>\n\t\t\t\t\t<\/div>\n\t\t\t\t\t\t\t\t<\/div>\n\t\t\t\t\t<\/div>\n\n\t\t\t\t\t\t\t<div class=\"wd-nav-arrows wd-pos-sep wd-hover-1 wd-icon-1\">\n\t\t\t<div class=\"wd-btn-arrow wd-prev wd-disabled\">\n\t\t\t\t<div class=\"wd-arrow-inner\"><\/div>\n\t\t\t<\/div>\n\t\t\t<div class=\"wd-btn-arrow wd-next\">\n\t\t\t\t<div class=\"wd-arrow-inner\"><\/div>\n\t\t\t<\/div>\n\t\t<\/div>\n\t\t\t\t\t\t<\/div>\n\n\t\t\t\t\t\t\t\t\t<div class=\"wd-nav-pagin-wrap text-center wd-style-shape wd-hide-md-sm wd-hide-sm\">\n\t\t\t<ul class=\"wd-nav-pagin\"><\/ul>\n\t\t<\/div>\n\t\t\t\t\t\t\t\t\t<\/div>\n\t\t\t\t\t\t<div id=\"wd-68b5747c7a8fd\" class=\"wd-rs-68b5747c7a8fd vc_custom_1756722312251 wd-button-wrapper text-left\"><a href=\"https:\/\/smsgrupinsaat.com.tr\/en\/project-cat\/projects\/\" title=\"\" class=\"btn btn-style-link btn-shape-rectangle btn-size-large btn-icon-pos-right\">ALL PROJECTS<span class=\"wd-btn-icon\"><span class=\"wd-icon fa fa-solid fa-arrow-right-long\"><\/span><\/span><\/a><\/div><\/div><\/div><\/div><\/div>\n<\/div>","protected":false},"excerpt":{"rendered":"SEON G\u00d6CEK V\u0130LLA KONUT PROJES\u0130 Konut Projesi Proje Sahibi: SMS Grup \u0130n\u015faat \u0130n\u015faat Alan\u0131: 18.200 m2 \u0130\u015fin S\u00fcresi: 41 Ay","protected":false},"author":1,"featured_media":0,"parent":0,"menu_order":6,"comment_status":"closed","ping_status":"closed","template":"","meta":{"footnotes":""},"class_list":["post-10959","page","type-page","status-publish","hentry"],"_links":{"self":[{"href":"https:\/\/smsgrupinsaat.com.tr\/en\/wp-json\/wp\/v2\/pages\/10959","targetHints":{"allow":["GET"]}}],"collection":[{"href":"https:\/\/smsgrupinsaat.com.tr\/en\/wp-json\/wp\/v2\/pages"}],"about":[{"href":"https:\/\/smsgrupinsaat.com.tr\/en\/wp-json\/wp\/v2\/types\/page"}],"author":[{"embeddable":true,"href":"https:\/\/smsgrupinsaat.com.tr\/en\/wp-json\/wp\/v2\/users\/1"}],"replies":[{"embeddable":true,"href":"https:\/\/smsgrupinsaat.com.tr\/en\/wp-json\/wp\/v2\/comments?post=10959"}],"version-history":[{"count":12,"href":"https:\/\/smsgrupinsaat.com.tr\/en\/wp-json\/wp\/v2\/pages\/10959\/revisions"}],"predecessor-version":[{"id":11437,"href":"https:\/\/smsgrupinsaat.com.tr\/en\/wp-json\/wp\/v2\/pages\/10959\/revisions\/11437"}],"wp:attachment":[{"href":"https:\/\/smsgrupinsaat.com.tr\/en\/wp-json\/wp\/v2\/media?parent=10959"}],"curies":[{"name":"wp","href":"https:\/\/api.w.org\/{rel}","templated":true}]}}